{"id":4348,"date":"2019-05-02T04:06:37","date_gmt":"2019-05-02T02:06:37","guid":{"rendered":"http:\/\/visumadvisors.com\/wordpress\/?page_id=4348"},"modified":"2020-12-11T01:39:22","modified_gmt":"2020-12-11T00:39:22","slug":"news","status":"publish","type":"page","link":"https:\/\/visumadvisors.com\/wordpress\/index.php\/news\/","title":{"rendered":"News"},"content":{"rendered":"<div  class=\"tatsu-Kta7n9hGqg tatsu-section  tatsu-bg-overlay   tatsu-clearfix\" data-title=\"\"  data-headerscheme=\"background--dark\"><div class='tatsu-section-pad clearfix' data-padding='{\"d\":\"90px 0px 0px 0px\"}' data-padding-top='90px'><div class=\"tatsu-row-wrap  tatsu-wrap tatsu-row-one-col tatsu-row-has-one-cols tatsu-medium-gutter tatsu-reg-cols  tatsu-clearfix tatsu-OWl-ljutO0\" ><div  class=\"tatsu-row \" ><div  class=\"tatsu-column  tatsu-bg-overlay tatsu-one-col tatsu-column-image-none tatsu-column-effect-none  tatsu-CJqDPfwin\"  data-parallax-speed=\"0\" style=\"\"><div class=\"tatsu-column-inner \" ><div class=\"tatsu-column-pad-wrap\"><div class=\"tatsu-column-pad\" ><div  class=\"tatsu-module tatsu-inline-text clearfix tatsu-SkzDPOTvo4   \" ><style>.tatsu-SkzDPOTvo4 .tatsu-inline-text-inner{width: 100%;text-align: left;padding: 9px 0px 0px 0px;}<\/style><div class=\"tatsu-inline-text-inner tatsu-align-center\">\n<h1 style=\"text-align: center;\"><span style=\"color: #ffffff;\"><span class=\"swatch-black\">News<\/span><\/span><\/h1>\n<\/div><\/div><div  class=\"tatsu-module tatsu-text-block-wrap tatsu-5pcyAhRRk  \"><div class=\"tatsu-text-inner tatsu-align-center  clearfix\" ><style>.tatsu-5pcyAhRRk.tatsu-text-block-wrap .tatsu-text-inner{width: 100%;text-align: left;padding: 90px 0px 0px 0px;}<\/style>\n<p style=\"text-align: center;\"><strong>Noviembre 2020<\/strong><\/p>\n<h2 style=\"text-align: center;\"><strong>Impactos econ\u00f3micos 2020 en Latinoam\u00e9rica<\/strong><\/h2>\n<\/div><\/div><div  class=\"tatsu-module tatsu-normal-icon tatsu-icon-shortcode align-center tatsu-yX9Wiox-r   \"><style>.tatsu-yX9Wiox-r .tatsu-icon{color: #888888 ;}.tatsu-yX9Wiox-r{border-width: 0px 0px 0px 0px;}<\/style><a href=\"https:\/\/visumadvisors.com\/wordpress\/wordpress\/wp-content\/uploads\/2020\/12\/Newsletter-Visum-Noviembre.pdf\"  class=\"tatsu-icon-wrap plain  tatsu-animate    \" data-animation=\"fadeIn\"   aria-label=\"icon-icon_cloud-download\" data-gdpr-atts={}  target=\"_blank\" ><i class=\"tatsu-icon tatsu-custom-icon tatsu-custom-icon-class icon-icon_cloud-download large plain\"><\/i><\/a><\/div><div  class=\"tatsu-single-image tatsu-module align-center tatsu-image-lazyload tatsu-external-image tatsu-cW87r6aSH  \" ><div class=\"tatsu-single-image-inner \" style=\"\" ><div class = \"tatsu-single-image-padding-wrap\" style = \"\" ><\/div><a href = \"https:\/\/visumadvisors.com\/wordpress\/wordpress\/wp-content\/uploads\/2020\/12\/Newsletter-Visum-Noviembre.pdf\" target = \"_blank\" ><img class = \"tatsu-gradient-border\" data-src = \"https:\/\/visumadvisors.com\/wordpress\/wordpress\/wp-content\/uploads\/2020\/12\/NewsletterNoviembre.jpg\" alt =\" \"  src =\"data:image\/png;base64,iVBORw0KGgoAAAANSUhEUgAAAAEAAAABCAQAAAC1HAwCAAAAC0lEQVR42mNkYAAAAAYAAjCB0C8AAAAASUVORK5CYII=\"  \/><\/a><\/div><style>.tatsu-cW87r6aSH .tatsu-single-image-inner{border-style: solid;max-width: 37%;}.tatsu-cW87r6aSH.tatsu-single-image{transform: translate3d(0px,0px, 0);}<\/style><\/div><\/div><\/div><div class = \"tatsu-column-bg-image-wrap\"><div class = \"tatsu-column-bg-image\" ><\/div><\/div><div class=\"tatsu-overlay tatsu-column-overlay tatsu-animate-none\" ><\/div><\/div><style>.tatsu-row > .tatsu-CJqDPfwin.tatsu-column{width: 100%;}.tatsu-CJqDPfwin.tatsu-column > .tatsu-column-inner > .tatsu-column-overlay{mix-blend-mode: normal;}.tatsu-CJqDPfwin > .tatsu-column-inner > .tatsu-top-divider{z-index: 9999;}.tatsu-CJqDPfwin > .tatsu-column-inner > .tatsu-bottom-divider{z-index: 9999;}.tatsu-CJqDPfwin > .tatsu-column-inner > .tatsu-left-divider{z-index: 9999;}.tatsu-CJqDPfwin > .tatsu-column-inner > .tatsu-right-divider{z-index: 9999;}@media only screen and (max-width:1377px) {.tatsu-row > .tatsu-CJqDPfwin.tatsu-column{width: 100%;}}@media only screen and (min-width:768px) and (max-width: 1024px) {.tatsu-row > .tatsu-CJqDPfwin.tatsu-column{width: 100%;}}@media only screen and (max-width: 767px) {.tatsu-row > .tatsu-CJqDPfwin.tatsu-column{width: 100%;}}<\/style><\/div><\/div><\/div><\/div><div class=\"tatsu-section-background-wrap\"><div class = \"tatsu-section-background\" ><\/div><\/div><div class=\"tatsu-overlay tatsu-section-overlay\"><\/div><style>.tatsu-Kta7n9hGqg .tatsu-section-pad{padding: 90px 0px 0px 0px;}.tatsu-Kta7n9hGqg .tatsu-section-offset-wrap{transform: translateY(-0px);}.tatsu-Kta7n9hGqg > .tatsu-bottom-divider{z-index: 9999;}.tatsu-Kta7n9hGqg > .tatsu-top-divider{z-index: 9999;}.tatsu-Kta7n9hGqg .tatsu-section-overlay{mix-blend-mode: normal;}<\/style><\/div><div  class=\"tatsu-BJwvu6DsE tatsu-section    tatsu-clearfix\" data-title=\"\"  data-headerscheme=\"background--dark\"><div class='tatsu-section-pad clearfix' data-padding='{\"d\":\"27px 0px 0px 0px\"}' data-padding-top='27px'><div class=\"tatsu-row-wrap  tatsu-wrap tatsu-row-one-col tatsu-row-has-one-cols tatsu-medium-gutter tatsu-reg-cols  tatsu-clearfix tatsu-HygPDuTPjV\" ><div  class=\"tatsu-row \" ><div  class=\"tatsu-column  tatsu-column-no-bg tatsu-one-col tatsu-column-image-none tatsu-column-effect-none  tatsu-HJbDDdTDjV\"  data-parallax-speed=\"0\" style=\"\"><div class=\"tatsu-column-inner \" ><div class=\"tatsu-column-pad-wrap\"><div class=\"tatsu-column-pad\" ><div  class=\"tatsu-module tatsu-text-block-wrap tatsu-INkinBY5k  \"><div class=\"tatsu-text-inner tatsu-align-center  clearfix\" ><style>.tatsu-INkinBY5k.tatsu-text-block-wrap .tatsu-text-inner{width: 100%;text-align: left;padding: 90px 0px 0px 0px;}<\/style>\n<p style=\"text-align: center;\"><strong>Junio 2020<\/strong><\/p>\n<h2 style=\"text-align: center;\"><strong>Medidas de Mitigaci\u00f3n Econ\u00f3mica <\/strong><\/h2>\n<h2 style=\"text-align: center;\"><strong>contra el Impacto del Covid-19 en Latam<\/strong><\/h2>\n<\/div><\/div><div  class=\"tatsu-module tatsu-normal-icon tatsu-icon-shortcode align-center tatsu-IIzNncr5f   \"><style>.tatsu-IIzNncr5f .tatsu-icon{color: #888888 ;}.tatsu-IIzNncr5f{border-width: 0px 0px 0px 0px;}<\/style><a href=\"https:\/\/visumadvisors.com\/wordpress\/wordpress\/wp-content\/uploads\/2020\/07\/Medidas-para-mitigar-el-impacto-del-Covid.pdf\"  class=\"tatsu-icon-wrap plain  tatsu-animate    \" data-animation=\"fadeIn\"   aria-label=\"icon-icon_cloud-download\" data-gdpr-atts={}  target=\"_blank\" ><i class=\"tatsu-icon tatsu-custom-icon tatsu-custom-icon-class icon-icon_cloud-download large plain\"><\/i><\/a><\/div><div  class=\"tatsu-single-image tatsu-module align-center tatsu-image-lazyload tatsu-external-image tatsu-uSCtiX4L1  \" ><div class=\"tatsu-single-image-inner \" style=\"\" ><div class = \"tatsu-single-image-padding-wrap\" style = \"\" ><\/div><a href = \"https:\/\/visumadvisors.com\/wordpress\/wordpress\/wp-content\/uploads\/2020\/07\/Medidas-para-mitigar-el-impacto-del-Covid.pdf\" target = \"_blank\" ><img class = \"tatsu-gradient-border\" data-src = \"https:\/\/visumadvisors.com\/wordpress\/wp-content\/uploads\/2020\/07\/Covid-2.jpg\" alt =\" \"  src =\"data:image\/png;base64,iVBORw0KGgoAAAANSUhEUgAAAAEAAAABCAQAAAC1HAwCAAAAC0lEQVR42mNkYAAAAAYAAjCB0C8AAAAASUVORK5CYII=\"  \/><\/a><\/div><style>.tatsu-uSCtiX4L1 .tatsu-single-image-inner{border-style: solid;max-width: 37%;}.tatsu-uSCtiX4L1.tatsu-single-image{transform: translate3d(0px,0px, 0);}<\/style><\/div><\/div><\/div><div class = \"tatsu-column-bg-image-wrap\"><div class = \"tatsu-column-bg-image\" ><\/div><\/div><\/div><style>.tatsu-row > .tatsu-HJbDDdTDjV.tatsu-column{width: 100%;}.tatsu-HJbDDdTDjV.tatsu-column > .tatsu-column-inner > .tatsu-column-overlay{mix-blend-mode: none;}.tatsu-HJbDDdTDjV > .tatsu-column-inner > .tatsu-top-divider{z-index: 9999;}.tatsu-HJbDDdTDjV > .tatsu-column-inner > .tatsu-bottom-divider{z-index: 9999;}.tatsu-HJbDDdTDjV > .tatsu-column-inner > .tatsu-left-divider{z-index: 9999;}.tatsu-HJbDDdTDjV > .tatsu-column-inner > .tatsu-right-divider{z-index: 9999;}<\/style><\/div><\/div><\/div><\/div><div class=\"tatsu-section-background-wrap\"><div class = \"tatsu-section-background\" ><\/div><\/div><style>.tatsu-BJwvu6DsE .tatsu-section-pad{padding: 27px 0px 0px 0px;}.tatsu-BJwvu6DsE > .tatsu-bottom-divider{z-index: 9999;}.tatsu-BJwvu6DsE > .tatsu-top-divider{z-index: 9999;}<\/style><\/div><div  class=\"tatsu-r1WrY_6DjN tatsu-section    tatsu-clearfix\" data-title=\"\"  data-headerscheme=\"background--dark\"><div class='tatsu-section-pad clearfix' data-padding='{\"d\":\"90px 0px 90px 0px\"}' data-padding-top='90px'><div class=\"tatsu-row-wrap  tatsu-wrap tatsu-row-one-col tatsu-row-has-one-cols tatsu-medium-gutter tatsu-reg-cols  tatsu-clearfix tatsu-H1gBKOaviN\" ><div  class=\"tatsu-row \" ><div  class=\"tatsu-column  tatsu-column-no-bg tatsu-one-col tatsu-column-image-none tatsu-column-effect-none  tatsu-rkBKdavjV\"  data-parallax-speed=\"0\" style=\"\"><div class=\"tatsu-column-inner \" ><div class=\"tatsu-column-pad-wrap\"><div class=\"tatsu-column-pad\" ><div  class=\"tatsu-module tatsu-text-block-wrap tatsu-HkbITaviE  \"><div class=\"tatsu-text-inner tatsu-align-center  clearfix\" ><style>.tatsu-HkbITaviE.tatsu-text-block-wrap .tatsu-text-inner{width: 70%;text-align: left;}<\/style>\n<h2 style=\"text-align: center;\"><strong>Visum Advisors en La Opinion (Colombia)<\/strong><\/h2>\n<p style=\"text-align: center;\"><strong>\u00bfQu\u00e9 atrae a los inversionistas extranjeros?<\/strong><\/p>\n<p><a href=\"https:\/\/visumadvisors.com\/wordpress\/wordpress\/wp-content\/uploads\/2019\/02\/e5.jpg\"><img loading=\"lazy\" decoding=\"async\" class=\"aligncenter size-full wp-image-65\" src=\"https:\/\/visumadvisors.com\/wordpress\/wordpress\/wp-content\/uploads\/2019\/02\/e5.jpg\" alt=\"La Opini\u00f3n\" width=\"425\" height=\"150\" \/><\/a><\/p>\n<ul>\n<li style=\"list-style-type: none;\">\n<ul>Colombia es l\u00edder en Latinoam\u00e9rica en protecci\u00f3n de inversionistas minoritarios, seg\u00fan el Doing Business.<\/ul>\n<\/li>\n<\/ul>\n<ul>\n<li style=\"list-style-type: none;\">\n<ul>La banca de inversi\u00f3n espa\u00f1ola Visum advisors lleg\u00f3 a Bogot\u00e1 ayer con un cupo superior a 20 millones de d\u00f3lares, para dejarse seducir de la oferta de valor que los empresarios colombianos llevaron al Colombia Investment Summit 2018.<\/ul>\n<\/li>\n<\/ul>\n<p><strong> El fondeo de Visum viene de dineros de Europa y Estados Unidos y trabajan tambi\u00e9n con fondos de inversi\u00f3n con comisionistas de bolsa y bancos, as\u00ed como tambi\u00e9n capitales privados.<\/strong><\/p>\n<ul>\n<li style=\"list-style-type: none;\">\n<ul>A pesar de tener mercados especiales a los que siempre le han apostado, en esta ocasi\u00f3n se expandieron a otros sectores como la infraestructura y el agro.<\/ul>\n<\/li>\n<\/ul>\n<p><strong> De las 12 citas de negocio que tuvieron programadas en el encuentro,tres respondieron a proyectos enfocados a la agroindustria, uno de ellos de Norte de Santander.<\/strong><\/p>\n<ul>\n<li style=\"list-style-type: none;\">\n<ul>\u201cEstamos abiertos a otros mercados porque hay muy buena liquidez, por ejemplo, el sector agr\u00edcola no es nuestro foco de negocios, pero lo estamos recibiendo porque queremos ver oportunidades y diferentes esquemas\u201d, explic\u00f3 Mario Andr\u00e9s Latorre, gestor de inversiones de Visum Advisors.<\/ul>\n<\/li>\n<\/ul>\n<p><strong> En el caso de Norte de Santander, se\u00f1al\u00f3 que la empresa Palnorte busca 3,5 millones de d\u00f3lares.<\/strong><\/p>\n<ul>\n<li style=\"list-style-type: none;\">\n<ul>\u201cVemos que el negocio es un poco riesgoso por la zona, pero ellos son conscientes de eso, pero puede haber fondos de inversi\u00f3n interesados entrando como un capital\u201d.<\/ul>\n<\/li>\n<\/ul>\n<p><strong> Latorre explic\u00f3 que el capital financiar\u00eda el 70% del proyecto, con seguimiento del negocio y viendo que m\u00e1s adelante el Estado puede financiarlo, porque potencia el sector rural.<\/strong><\/p>\n<ul>\n<li style=\"list-style-type: none;\">\n<ul>\u201cVemos que producto del aceite de palma es muy atractivo para exportar, entonces puede haber m\u00e1s posibilidades\u201d, agreg\u00f3<\/ul>\n<\/li>\n<\/ul>\n<p><strong> Sin embargo, destac\u00f3 que la seguridad de la zona y la sustentaci\u00f3n deben ser temas que se revisen con cuidados.<\/strong><\/p>\n<ul>\n<li style=\"list-style-type: none;\">\n<ul>Tener un presidente fijo, es una oportunidad que les genera m\u00e1s confianza a los inversionistas como Visum.<\/ul>\n<\/li>\n<\/ul>\n<\/div><\/div><\/div><\/div><div class = \"tatsu-column-bg-image-wrap\"><div class = \"tatsu-column-bg-image\" ><\/div><\/div><\/div><style>.tatsu-row > .tatsu-rkBKdavjV.tatsu-column{width: 100%;}.tatsu-rkBKdavjV.tatsu-column > .tatsu-column-inner > .tatsu-column-overlay{mix-blend-mode: none;}.tatsu-rkBKdavjV > .tatsu-column-inner > .tatsu-top-divider{z-index: 9999;}.tatsu-rkBKdavjV > .tatsu-column-inner > .tatsu-bottom-divider{z-index: 9999;}.tatsu-rkBKdavjV > .tatsu-column-inner > .tatsu-left-divider{z-index: 9999;}.tatsu-rkBKdavjV > .tatsu-column-inner > .tatsu-right-divider{z-index: 9999;}@media only screen and (max-width:1377px) {.tatsu-row > .tatsu-rkBKdavjV.tatsu-column{width: 100%;}}@media only screen and (min-width:768px) and (max-width: 1024px) {.tatsu-row > .tatsu-rkBKdavjV.tatsu-column{width: 100%;}}@media only screen and (max-width: 767px) {.tatsu-row > .tatsu-rkBKdavjV.tatsu-column{width: 100%;}}<\/style><\/div><\/div><\/div><\/div><div class=\"tatsu-section-background-wrap\"><div class = \"tatsu-section-background\" ><\/div><\/div><style>.tatsu-r1WrY_6DjN .tatsu-section-pad{padding: 90px 0px 90px 0px;}.tatsu-r1WrY_6DjN > .tatsu-bottom-divider{z-index: 9999;}.tatsu-r1WrY_6DjN > .tatsu-top-divider{z-index: 9999;}<\/style><\/div>\n","protected":false},"excerpt":{"rendered":"<p><a href=\"https:\/\/visumadvisors.com\/wordpress\/index.php\/news\/\" class=\"more-link style3-button\">Read More<\/a><\/p>","protected":false},"author":1,"featured_media":0,"parent":0,"menu_order":0,"comment_status":"closed","ping_status":"closed","template":"","meta":{"footnotes":""},"class_list":["post-4348","page","type-page","status-publish","hentry"],"_links":{"self":[{"href":"https:\/\/visumadvisors.com\/wordpress\/index.php\/wp-json\/wp\/v2\/pages\/4348","targetHints":{"allow":["GET"]}}],"collection":[{"href":"https:\/\/visumadvisors.com\/wordpress\/index.php\/wp-json\/wp\/v2\/pages"}],"about":[{"href":"https:\/\/visumadvisors.com\/wordpress\/index.php\/wp-json\/wp\/v2\/types\/page"}],"author":[{"embeddable":true,"href":"https:\/\/visumadvisors.com\/wordpress\/index.php\/wp-json\/wp\/v2\/users\/1"}],"replies":[{"embeddable":true,"href":"https:\/\/visumadvisors.com\/wordpress\/index.php\/wp-json\/wp\/v2\/comments?post=4348"}],"version-history":[{"count":14,"href":"https:\/\/visumadvisors.com\/wordpress\/index.php\/wp-json\/wp\/v2\/pages\/4348\/revisions"}],"predecessor-version":[{"id":5067,"href":"https:\/\/visumadvisors.com\/wordpress\/index.php\/wp-json\/wp\/v2\/pages\/4348\/revisions\/5067"}],"wp:attachment":[{"href":"https:\/\/visumadvisors.com\/wordpress\/index.php\/wp-json\/wp\/v2\/media?parent=4348"}],"curies":[{"name":"wp","href":"https:\/\/api.w.org\/{rel}","templated":true}]}}